{"id":8,"date":"2019-08-07T14:52:47","date_gmt":"2019-08-07T14:52:47","guid":{"rendered":"https:\/\/amisatelier.ch\/?page_id=8"},"modified":"2024-09-13T16:01:11","modified_gmt":"2024-09-13T16:01:11","slug":"home","status":"publish","type":"page","link":"https:\/\/amisatelier.ch\/","title":{"rendered":"Herzlich Willkommen"},"content":{"rendered":"<div class=\"wp-block-image\">\n<figure class=\"aligncenter size-full is-resized\"><img loading=\"lazy\" decoding=\"async\" width=\"480\" height=\"640\" src=\"https:\/\/amisatelier.ch\/wp-content\/uploads\/2024\/09\/Foto01.jpg\" alt=\"\" class=\"wp-image-200\" style=\"width:442px;height:381px\" srcset=\"https:\/\/amisatelier.ch\/wp-content\/uploads\/2024\/09\/Foto01.jpg 480w, https:\/\/amisatelier.ch\/wp-content\/uploads\/2024\/09\/Foto01-225x300.jpg 225w\" sizes=\"(max-width: 480px) 100vw, 480px\" \/><figcaption class=\"wp-element-caption\">Ami&#8217;s Atelier<\/figcaption><\/figure><\/div>\n\n\n<p class=\"has-text-align-center\">Sch\u00f6n, dass Sie sich ein wenig Zeit nehmen und meine Webseite besuchen.<\/p>\n\n\n\n<p class=\"has-text-align-center\">Ich bin gelernte Goldschmiedin, arbeite jedoch nur noch mit Silber und Steinen. <\/p>\n\n\n\n<p class=\"has-text-align-center\">Die Steine k\u00f6nnen auch mitgebracht werden. Sehr gerne kreiere ich <strong>mit Ihnen<\/strong> f\u00fcr Sie ein Schmuckst\u00fcck mit ihrem Lieblingsstein.<\/p>\n\n\n\n<p class=\"has-text-align-center\">Selbstverst\u00e4ndlich geh\u00f6rt auch das Reparieren, ( neu aufziehen und kn\u00fcpfen von Perl &#8211; und Steincolliers ) zu meinem Arbeiten. : &#187; aus ALT mach NEU &#187; !<\/p>\n\n\n\n<p class=\"has-text-align-center\">Ich bin per Telefon und WhatsApp:  079 378 20 28  \/ e-mail: aerni@quicknet.ch  erreichbar.<\/p>\n\n\n\n<p><\/p>\n\n\n\n<h4 class=\"wp-block-heading\"><\/h4>\n\n\n\n<p><\/p>\n\n\n\n<p><\/p>\n","protected":false},"excerpt":{"rendered":"<p>Sch\u00f6n, dass Sie sich ein wenig Zeit nehmen und meine Webseite besuchen. Ich bin gelernte Goldschmiedin, arbeite jedoch nur noch mit Silber und Steinen. Die Steine k\u00f6nnen auch mitgebracht werden. Sehr gerne kreiere ich mit Ihnen f\u00fcr Sie ein Schmuckst\u00fcck mit ihrem Lieblingsstein. Selbstverst\u00e4ndlich geh\u00f6rt auch das Reparieren, ( neu aufziehen und kn\u00fcpfen von Perl [&hellip;]<\/p>\n","protected":false},"author":1,"featured_media":0,"parent":0,"menu_order":0,"comment_status":"closed","ping_status":"closed","template":"","meta":{"footnotes":""},"class_list":["post-8","page","type-page","status-publish","hentry"],"_links":{"self":[{"href":"https:\/\/amisatelier.ch\/index.php?rest_route=\/wp\/v2\/pages\/8"}],"collection":[{"href":"https:\/\/amisatelier.ch\/index.php?rest_route=\/wp\/v2\/pages"}],"about":[{"href":"https:\/\/amisatelier.ch\/index.php?rest_route=\/wp\/v2\/types\/page"}],"author":[{"embeddable":true,"href":"https:\/\/amisatelier.ch\/index.php?rest_route=\/wp\/v2\/users\/1"}],"replies":[{"embeddable":true,"href":"https:\/\/amisatelier.ch\/index.php?rest_route=%2Fwp%2Fv2%2Fcomments&post=8"}],"version-history":[{"count":37,"href":"https:\/\/amisatelier.ch\/index.php?rest_route=\/wp\/v2\/pages\/8\/revisions"}],"predecessor-version":[{"id":211,"href":"https:\/\/amisatelier.ch\/index.php?rest_route=\/wp\/v2\/pages\/8\/revisions\/211"}],"wp:attachment":[{"href":"https:\/\/amisatelier.ch\/index.php?rest_route=%2Fwp%2Fv2%2Fmedia&parent=8"}],"curies":[{"name":"wp","href":"https:\/\/api.w.org\/{rel}","templated":true}]}}